{"id":3455,"date":"2025-12-22T07:04:23","date_gmt":"2025-12-22T07:04:23","guid":{"rendered":"https:\/\/ctthienvan.123websitedev.com\/?page_id=3455"},"modified":"2026-01-15T14:47:23","modified_gmt":"2026-01-15T07:47:23","slug":"ve-chung-toi","status":"publish","type":"page","link":"https:\/\/thienvan.vn\/en\/product\/","title":{"rendered":"About us"},"content":{"rendered":"<div data-elementor-type=\"wp-page\" data-elementor-id=\"3455\" class=\"elementor elementor-3455\" data-elementor-post-type=\"page\">\n\t\t\t\t<div class=\"elementor-element elementor-element-a3edf44 e-flex e-con-boxed e-con e-parent\" data-id=\"a3edf44\" data-element_type=\"container\">\n\t\t\t\t\t<div class=\"e-con-inner\">\n\t\t\t\t<div class=\"elementor-element elementor-element-1413e6c elementor-widget elementor-widget-heading\" data-id=\"1413e6c\" data-element_type=\"widget\" data-widget_type=\"heading.default\">\n\t\t\t\t<div class=\"elementor-widget-container\">\n\t\t\t<h2 class=\"elementor-heading-title elementor-size-default\">Our Story<\/h2>\t\t<\/div>\n\t\t\t\t<\/div>\n\t\t\t\t<div class=\"elementor-element elementor-element-4e0fa4c elementor-widget elementor-widget-text-editor\" data-id=\"4e0fa4c\" data-element_type=\"widget\" data-widget_type=\"text-editor.default\">\n\t\t\t\t<div class=\"elementor-widget-container\">\n\t\t\t\t\t\t\t<p>Thien Van Technology Joint Stock Company established in 2004, is an information technology enterprise with over 20 years of experience in network and telecommunications infrastructure, cybersecurity, as well as industry-specific solutions and system integration.\nWe continuously apply Artificial Intelligence (AI), Internet of Things (IoT), and Big Data across key sectors including Aviation, Transportation, Security and Industrial Zones.\nWith strong implementation capabilities and a team of highly qualified experts, Thien Van is a strategic partner to numerous government agencies, organizations, and enterprises in their journey toward digital transformation, operational optimization, and sustainable development<\/p>\t\t\t\t\t\t<\/div>\n\t\t\t\t<\/div>\n\t\t\t\t\t<\/div>\n\t\t\t\t<\/div>\n\t\t<div class=\"elementor-element elementor-element-f734590 e-flex e-con-boxed e-con e-parent\" data-id=\"f734590\" data-element_type=\"container\">\n\t\t\t\t\t<div class=\"e-con-inner\">\n\t\t\t\t<div class=\"elementor-element elementor-element-8d3b51c elementor-widget elementor-widget-html\" data-id=\"8d3b51c\" data-element_type=\"widget\" data-widget_type=\"html.default\">\n\t\t\t\t<div class=\"elementor-widget-container\">\n\t\t\t<div style=\"position:relative;padding-top:max(60%,324px);width:100%;height:0;\"><iframe style=\"position:absolute;border:none;width:100%;height:100%;left:0;top:0;\" src=\"https:\/\/online.fliphtml5.com\/thvan\/cmtx\/\"  seamless=\"seamless\" scrolling=\"no\" frameborder=\"0\" allowtransparency=\"true\" allowfullscreen=\"true\" ><\/iframe><\/div>\t\t<\/div>\n\t\t\t\t<\/div>\n\t\t\t\t\t<\/div>\n\t\t\t\t<\/div>\n\t\t<div class=\"elementor-element elementor-element-c815d13 e-grid e-con-boxed e-con e-parent\" data-id=\"c815d13\" data-element_type=\"container\">\n\t\t\t\t\t<div class=\"e-con-inner\">\n\t\t<div class=\"elementor-element elementor-element-ba484a4 e-con-full e-flex e-con e-child\" data-id=\"ba484a4\" data-element_type=\"container\">\n\t\t\t\t<div class=\"elementor-element elementor-element-e75a42f elementor-widget elementor-widget-heading\" data-id=\"e75a42f\" data-element_type=\"widget\" data-widget_type=\"heading.default\">\n\t\t\t\t<div class=\"elementor-widget-container\">\n\t\t\t<h2 class=\"elementor-heading-title elementor-size-default\"><a href=\"#elementor-action:action=popup:open&settings=eyJpZCI6IjM1MzIiLCJ0b2dnbGUiOmZhbHNlfQ==\">Mission<\/a><\/h2>\t\t<\/div>\n\t\t\t\t<\/div>\n\t\t\t\t<div class=\"elementor-element elementor-element-891548e elementor-widget elementor-widget-text-editor\" data-id=\"891548e\" data-element_type=\"widget\" data-widget_type=\"text-editor.default\">\n\t\t\t\t<div class=\"elementor-widget-container\">\n\t\t\t\t\t\t\t<p>Our mission is built on a strong commitment to delivering real value to our customers and the community through three core pillars:<\/p><p data-path-to-node=\"9,0,0\"><span style=\"font-weight: bold; color: #383b94;\" data-path-to-node=\"9,0,0\" data-index-in-node=\"0\">For Our Customers:<\/span>\u00a0Delivering breakthrough integrated technology solutions that optimize operational performance, strengthen security, and enhance end-user experience. We transform complex challenges into simple, intelligent, and efficient processes<\/p><p data-path-to-node=\"9,1,0\"><span style=\"font-weight: bold; color: #383b94;\" data-path-to-node=\"9,1,0\" data-index-in-node=\"0\">For the Industry:<\/span>\u00a0Establishing and implementing international technology standards in Vietnam\u2019s infrastructure, contributing to enhanced competitiveness and modernization of technology systems<\/p><p data-path-to-node=\"9,2,0\"><span style=\"font-weight: bold; color: #383b94;\" data-path-to-node=\"9,2,0\" data-index-in-node=\"0\">For Society:<\/span>\u00a0Creating a safer and more convenient living and mobility environment through green, sustainable technology solutions that minimize risks and protect future infrastructure<\/p>\t\t\t\t\t\t<\/div>\n\t\t\t\t<\/div>\n\t\t\t\t<\/div>\n\t\t<div class=\"elementor-element elementor-element-2bc499b e-con-full e-flex e-con e-child\" data-id=\"2bc499b\" data-element_type=\"container\">\n\t\t\t\t<div class=\"elementor-element elementor-element-f4a184f elementor-widget__width-initial elementor-widget elementor-widget-image\" data-id=\"f4a184f\" data-element_type=\"widget\" data-widget_type=\"image.default\">\n\t\t\t\t<div class=\"elementor-widget-container\">\n\t\t\t\t\t\t\t\t\t\t\t\t\t<img loading=\"lazy\" decoding=\"async\" width=\"360\" height=\"240\" src=\"https:\/\/thienvan.vn\/wp-content\/uploads\/2026\/01\/240_F_910310502_ClILHOQEE2xGPg5Je0lI90oHmb8HJXWo.jpg\" class=\"attachment-large size-large wp-image-4107\" alt=\"\" srcset=\"https:\/\/thienvan.vn\/wp-content\/uploads\/2026\/01\/240_F_910310502_ClILHOQEE2xGPg5Je0lI90oHmb8HJXWo.jpg 360w, https:\/\/thienvan.vn\/wp-content\/uploads\/2026\/01\/240_F_910310502_ClILHOQEE2xGPg5Je0lI90oHmb8HJXWo-300x200.jpg 300w, https:\/\/thienvan.vn\/wp-content\/uploads\/2026\/01\/240_F_910310502_ClILHOQEE2xGPg5Je0lI90oHmb8HJXWo-18x12.jpg 18w\" sizes=\"auto, (max-width: 360px) 100vw, 360px\" \/>\t\t\t\t\t\t\t\t\t\t\t\t\t<\/div>\n\t\t\t\t<\/div>\n\t\t\t\t<\/div>\n\t\t\t\t\t<\/div>\n\t\t\t\t<\/div>\n\t\t<div class=\"elementor-element elementor-element-f731325 e-grid e-con-boxed e-con e-parent\" data-id=\"f731325\" data-element_type=\"container\">\n\t\t\t\t\t<div class=\"e-con-inner\">\n\t\t<div class=\"elementor-element elementor-element-e9f2ae7 e-con-full e-flex e-con e-child\" data-id=\"e9f2ae7\" data-element_type=\"container\">\n\t\t\t\t<div class=\"elementor-element elementor-element-a0797a0 elementor-widget elementor-widget-image\" data-id=\"a0797a0\" data-element_type=\"widget\" data-widget_type=\"image.default\">\n\t\t\t\t<div class=\"elementor-widget-container\">\n\t\t\t\t\t\t\t\t\t\t\t\t\t<img loading=\"lazy\" decoding=\"async\" width=\"428\" height=\"240\" src=\"https:\/\/thienvan.vn\/wp-content\/uploads\/2026\/01\/240_F_1680887352_ab3wFrD7knGZ8UVkYHwsrsTdhpCJy47O.jpg\" class=\"attachment-large size-large wp-image-4108\" alt=\"\" srcset=\"https:\/\/thienvan.vn\/wp-content\/uploads\/2026\/01\/240_F_1680887352_ab3wFrD7knGZ8UVkYHwsrsTdhpCJy47O.jpg 428w, https:\/\/thienvan.vn\/wp-content\/uploads\/2026\/01\/240_F_1680887352_ab3wFrD7knGZ8UVkYHwsrsTdhpCJy47O-300x168.jpg 300w, https:\/\/thienvan.vn\/wp-content\/uploads\/2026\/01\/240_F_1680887352_ab3wFrD7knGZ8UVkYHwsrsTdhpCJy47O-18x10.jpg 18w\" sizes=\"auto, (max-width: 428px) 100vw, 428px\" \/>\t\t\t\t\t\t\t\t\t\t\t\t\t<\/div>\n\t\t\t\t<\/div>\n\t\t\t\t<\/div>\n\t\t<div class=\"elementor-element elementor-element-2bb8f1b e-con-full e-flex e-con e-child\" data-id=\"2bb8f1b\" data-element_type=\"container\">\n\t\t\t\t<div class=\"elementor-element elementor-element-9da93e8 elementor-widget elementor-widget-heading\" data-id=\"9da93e8\" data-element_type=\"widget\" data-widget_type=\"heading.default\">\n\t\t\t\t<div class=\"elementor-widget-container\">\n\t\t\t<h2 class=\"elementor-heading-title elementor-size-default\">Vision<\/h2>\t\t<\/div>\n\t\t\t\t<\/div>\n\t\t\t\t<div class=\"elementor-element elementor-element-48ea73f elementor-widget elementor-widget-text-editor\" data-id=\"48ea73f\" data-element_type=\"widget\" data-widget_type=\"text-editor.default\">\n\t\t\t\t<div class=\"elementor-widget-container\">\n\t\t\t\t\t\t\t<p>To become a pioneering leader in driving digital transformation in Smart Infrastructure, shaping the future of Aviation, Transportation, and Security in Vietnam and the region<\/p><p>We do not merely follow trends\u2014we set new standards. Our ambition goes beyond the domestic market, reaching the regional stage to affirm Vietnamese expertise in the most challenging technology domains<\/p>\t\t\t\t\t\t<\/div>\n\t\t\t\t<\/div>\n\t\t\t\t<\/div>\n\t\t\t\t\t<\/div>\n\t\t\t\t<\/div>\n\t\t<div class=\"elementor-element elementor-element-81d6c0b e-flex e-con-boxed e-con e-parent\" data-id=\"81d6c0b\" data-element_type=\"container\">\n\t\t\t\t\t<div class=\"e-con-inner\">\n\t\t\t\t<div class=\"elementor-element elementor-element-40f3525 elementor-widget elementor-widget-heading\" data-id=\"40f3525\" data-element_type=\"widget\" data-widget_type=\"heading.default\">\n\t\t\t\t<div class=\"elementor-widget-container\">\n\t\t\t<h2 class=\"elementor-heading-title elementor-size-default\">Core Values<\/h2>\t\t<\/div>\n\t\t\t\t<\/div>\n\t\t\t\t\t<\/div>\n\t\t\t\t<\/div>\n\t\t<div class=\"elementor-element elementor-element-d13d4f1 e-flex e-con-boxed e-con e-parent\" data-id=\"d13d4f1\" data-element_type=\"container\">\n\t\t\t\t\t<div class=\"e-con-inner\">\n\t\t\t\t<div class=\"elementor-element elementor-element-66b24dc elementor-view-default elementor-position-top elementor-mobile-position-top elementor-widget elementor-widget-icon-box\" data-id=\"66b24dc\" data-element_type=\"widget\" data-widget_type=\"icon-box.default\">\n\t\t\t\t<div class=\"elementor-widget-container\">\n\t\t\t\t\t<div class=\"elementor-icon-box-wrapper\">\n\n\t\t\t\t\t\t<div class=\"elementor-icon-box-icon\">\n\t\t\t\t<span  class=\"elementor-icon elementor-animation-\">\n\t\t\t\t<i aria-hidden=\"true\" class=\"icon-project-management-1\"><\/i>\t\t\t\t<\/span>\n\t\t\t<\/div>\n\t\t\t\n\t\t\t\t\t\t<div class=\"elementor-icon-box-content\">\n\n\t\t\t\t\t\t\t\t\t<h3 class=\"elementor-icon-box-title\">\n\t\t\t\t\t\t<span  >\n\t\t\t\t\t\t\tInnovation &amp; Creativity\t\t\t\t\t\t<\/span>\n\t\t\t\t\t<\/h3>\n\t\t\t\t\n\t\t\t\t\t\t\t\t\t<p class=\"elementor-icon-box-description\">\n\t\t\t\t\t\tProactively researching and applying AI and IoT in automation and smart management\t\t\t\t\t<\/p>\n\t\t\t\t\n\t\t\t<\/div>\n\t\t\t\n\t\t<\/div>\n\t\t\t\t<\/div>\n\t\t\t\t<\/div>\n\t\t\t\t<div class=\"elementor-element elementor-element-2b9565b elementor-view-default elementor-position-top elementor-mobile-position-top elementor-widget elementor-widget-icon-box\" data-id=\"2b9565b\" data-element_type=\"widget\" data-widget_type=\"icon-box.default\">\n\t\t\t\t<div class=\"elementor-widget-container\">\n\t\t\t\t\t<div class=\"elementor-icon-box-wrapper\">\n\n\t\t\t\t\t\t<div class=\"elementor-icon-box-icon\">\n\t\t\t\t<span  class=\"elementor-icon elementor-animation-\">\n\t\t\t\t<i aria-hidden=\"true\" class=\"icon-rating-2\"><\/i>\t\t\t\t<\/span>\n\t\t\t<\/div>\n\t\t\t\n\t\t\t\t\t\t<div class=\"elementor-icon-box-content\">\n\n\t\t\t\t\t\t\t\t\t<h3 class=\"elementor-icon-box-title\">\n\t\t\t\t\t\t<span  >\n\t\t\t\t\t\t\tProfessional Competence\t\t\t\t\t\t<\/span>\n\t\t\t\t\t<\/h3>\n\t\t\t\t\n\t\t\t\t\t\t\t\t\t<p class=\"elementor-icon-box-description\">\n\t\t\t\t\t\tA team of experienced engineers and experts with a proven track record of successfully delivering large-scale projects\t\t\t\t\t<\/p>\n\t\t\t\t\n\t\t\t<\/div>\n\t\t\t\n\t\t<\/div>\n\t\t\t\t<\/div>\n\t\t\t\t<\/div>\n\t\t\t\t<div class=\"elementor-element elementor-element-5b3557c elementor-view-default elementor-position-top elementor-mobile-position-top elementor-widget elementor-widget-icon-box\" data-id=\"5b3557c\" data-element_type=\"widget\" data-widget_type=\"icon-box.default\">\n\t\t\t\t<div class=\"elementor-widget-container\">\n\t\t\t\t\t<div class=\"elementor-icon-box-wrapper\">\n\n\t\t\t\t\t\t<div class=\"elementor-icon-box-icon\">\n\t\t\t\t<span  class=\"elementor-icon elementor-animation-\">\n\t\t\t\t<i aria-hidden=\"true\" class=\"icon-cyber-security-1-1\"><\/i>\t\t\t\t<\/span>\n\t\t\t<\/div>\n\t\t\t\n\t\t\t\t\t\t<div class=\"elementor-icon-box-content\">\n\n\t\t\t\t\t\t\t\t\t<h3 class=\"elementor-icon-box-title\">\n\t\t\t\t\t\t<span  >\n\t\t\t\t\t\t\tSafety &amp; Security\t\t\t\t\t\t<\/span>\n\t\t\t\t\t<\/h3>\n\t\t\t\t\n\t\t\t\t\t\t\t\t\t<p class=\"elementor-icon-box-description\">\n\t\t\t\t\t\t24\/7 monitoring and security solutions that meet the requirements for continuous and stable operations\t\t\t\t\t<\/p>\n\t\t\t\t\n\t\t\t<\/div>\n\t\t\t\n\t\t<\/div>\n\t\t\t\t<\/div>\n\t\t\t\t<\/div>\n\t\t\t\t<div class=\"elementor-element elementor-element-6de0a15 elementor-view-default elementor-position-top elementor-mobile-position-top elementor-widget elementor-widget-icon-box\" data-id=\"6de0a15\" data-element_type=\"widget\" data-widget_type=\"icon-box.default\">\n\t\t\t\t<div class=\"elementor-widget-container\">\n\t\t\t\t\t<div class=\"elementor-icon-box-wrapper\">\n\n\t\t\t\t\t\t<div class=\"elementor-icon-box-icon\">\n\t\t\t\t<span  class=\"elementor-icon elementor-animation-\">\n\t\t\t\t<i aria-hidden=\"true\" class=\"icon-reputation-1\"><\/i>\t\t\t\t<\/span>\n\t\t\t<\/div>\n\t\t\t\n\t\t\t\t\t\t<div class=\"elementor-icon-box-content\">\n\n\t\t\t\t\t\t\t\t\t<h3 class=\"elementor-icon-box-title\">\n\t\t\t\t\t\t<span  >\n\t\t\t\t\t\t\tTrusted Partner\t\t\t\t\t\t<\/span>\n\t\t\t\t\t<\/h3>\n\t\t\t\t\n\t\t\t\t\t\t\t\t\t<p class=\"elementor-icon-box-description\">\n\t\t\t\t\t\tTransparent and professional, partnering closely with clients from consulting and design through to operations and technical support\t\t\t\t\t<\/p>\n\t\t\t\t\n\t\t\t<\/div>\n\t\t\t\n\t\t<\/div>\n\t\t\t\t<\/div>\n\t\t\t\t<\/div>\n\t\t\t\t\t<\/div>\n\t\t\t\t<\/div>\n\t\t\t\t<\/div>","protected":false},"excerpt":{"rendered":"<p>C\u00e2u chuy\u1ec7n THI\u00caN V\u1eacN C\u00f4ng ty C\u1ed5 ph\u1ea7n C\u00f4ng ngh\u1ec7 Thi\u00ean V\u1eadn th\u00e0nh l\u1eadp n\u0103m 2004, l\u00e0 doanh nghi\u1ec7p c\u00f4ng ngh\u1ec7 th\u00f4ng tin c\u00f3 h\u01a1n 20 n\u0103m kinh nghi\u1ec7m trong l\u0129nh v\u1ef1c h\u1ea1 t\u1ea7ng m\u1ea1ng \u2013 vi\u1ec5n th\u00f4ng, an ninh m\u1ea1ng \u0111\u1ebfn gi\u1ea3i ph\u00e1p chuy\u00ean ng\u00e0nh v\u00e0 t\u00edch h\u1ee3p h\u1ec7 th\u1ed1ng. Ch\u00fang t\u00f4i kh\u00f4ng ng\u1eebng [&hellip;]<\/p>","protected":false},"author":1,"featured_media":0,"parent":0,"menu_order":0,"comment_status":"closed","ping_status":"closed","template":"elementor_header_footer","meta":{"footnotes":""},"class_list":["post-3455","page","type-page","status-publish","hentry"],"acf":[],"yoast_head":"<!-- This site is optimized with the Yoast SEO Premium plugin v20.9 (Yoast SEO v20.9) - https:\/\/yoast.com\/wordpress\/plugins\/seo\/ -->\n<title>V\u1ec1 ch\u00fang t\u00f4i - C\u00d4NG TY C\u1ed4 PH\u1ea6N C\u00d4NG NGH\u1ec6 THI\u00caN V\u1eacN<\/title>\n<meta name=\"robots\" content=\"index, follow, max-snippet:-1, max-image-preview:large, max-video-preview:-1\" \/>\n<link rel=\"canonical\" href=\"https:\/\/thienvan.vn\/en\/product\/\" \/>\n<meta property=\"og:locale\" content=\"en_US\" \/>\n<meta property=\"og:type\" content=\"article\" \/>\n<meta property=\"og:title\" content=\"V\u1ec1 ch\u00fang t\u00f4i\" \/>\n<meta property=\"og:description\" content=\"C\u00e2u chuy\u1ec7n THI\u00caN V\u1eacN C\u00f4ng ty C\u1ed5 ph\u1ea7n C\u00f4ng ngh\u1ec7 Thi\u00ean V\u1eadn th\u00e0nh l\u1eadp n\u0103m 2004, l\u00e0 doanh nghi\u1ec7p c\u00f4ng ngh\u1ec7 th\u00f4ng tin c\u00f3 h\u01a1n 20 n\u0103m kinh nghi\u1ec7m trong l\u0129nh v\u1ef1c h\u1ea1 t\u1ea7ng m\u1ea1ng \u2013 vi\u1ec5n th\u00f4ng, an ninh m\u1ea1ng \u0111\u1ebfn gi\u1ea3i ph\u00e1p chuy\u00ean ng\u00e0nh v\u00e0 t\u00edch h\u1ee3p h\u1ec7 th\u1ed1ng. Ch\u00fang t\u00f4i kh\u00f4ng ng\u1eebng [&hellip;]\" \/>\n<meta property=\"og:url\" content=\"https:\/\/thienvan.vn\/en\/product\/\" \/>\n<meta property=\"og:site_name\" content=\"C\u00d4NG TY C\u1ed4 PH\u1ea6N C\u00d4NG NGH\u1ec6 THI\u00caN V\u1eacN\" \/>\n<meta property=\"article:modified_time\" content=\"2026-01-15T07:47:23+00:00\" \/>\n<meta property=\"og:image\" content=\"https:\/\/thienvan.vn\/wp-content\/uploads\/2026\/01\/240_F_910310502_ClILHOQEE2xGPg5Je0lI90oHmb8HJXWo.jpg\" \/>\n<meta name=\"twitter:card\" content=\"summary_large_image\" \/>\n<script type=\"application\/ld+json\" class=\"yoast-schema-graph\">{\"@context\":\"https:\/\/schema.org\",\"@graph\":[{\"@type\":\"WebPage\",\"@id\":\"https:\/\/thienvan.vn\/ve-chung-toi\/\",\"url\":\"https:\/\/thienvan.vn\/ve-chung-toi\/\",\"name\":\"V\u1ec1 ch\u00fang t\u00f4i - C\u00d4NG TY C\u1ed4 PH\u1ea6N C\u00d4NG NGH\u1ec6 THI\u00caN V\u1eacN\",\"isPartOf\":{\"@id\":\"https:\/\/thienvan.vn\/#website\"},\"datePublished\":\"2025-12-22T07:04:23+00:00\",\"dateModified\":\"2026-01-15T07:47:23+00:00\",\"breadcrumb\":{\"@id\":\"https:\/\/thienvan.vn\/ve-chung-toi\/#breadcrumb\"},\"inLanguage\":\"en-US\",\"potentialAction\":[{\"@type\":\"ReadAction\",\"target\":[\"https:\/\/thienvan.vn\/ve-chung-toi\/\"]}]},{\"@type\":\"BreadcrumbList\",\"@id\":\"https:\/\/thienvan.vn\/ve-chung-toi\/#breadcrumb\",\"itemListElement\":[{\"@type\":\"ListItem\",\"position\":1,\"name\":\"Home\",\"item\":\"https:\/\/thienvan.vn\/\"},{\"@type\":\"ListItem\",\"position\":2,\"name\":\"V\u1ec1 ch\u00fang t\u00f4i\"}]},{\"@type\":\"WebSite\",\"@id\":\"https:\/\/thienvan.vn\/#website\",\"url\":\"https:\/\/thienvan.vn\/\",\"name\":\"C\u00d4NG TY C\u1ed4 PH\u1ea6N C\u00d4NG NGH\u1ec6 THI\u00caN V\u1eacN\",\"description\":\"\",\"publisher\":{\"@id\":\"https:\/\/thienvan.vn\/#organization\"},\"potentialAction\":[{\"@type\":\"SearchAction\",\"target\":{\"@type\":\"EntryPoint\",\"urlTemplate\":\"https:\/\/thienvan.vn\/?s={search_term_string}\"},\"query-input\":\"required name=search_term_string\"}],\"inLanguage\":\"en-US\"},{\"@type\":\"Organization\",\"@id\":\"https:\/\/thienvan.vn\/#organization\",\"name\":\"C\u00d4NG TY C\u1ed4 PH\u1ea6N C\u00d4NG NGH\u1ec6 THI\u00caN V\u1eacN\",\"url\":\"https:\/\/thienvan.vn\/\",\"logo\":{\"@type\":\"ImageObject\",\"inLanguage\":\"en-US\",\"@id\":\"https:\/\/thienvan.vn\/#\/schema\/logo\/image\/\",\"url\":\"https:\/\/thienvan.vn\/wp-content\/uploads\/2025\/12\/cropped-LogoThienVan.png\",\"contentUrl\":\"https:\/\/thienvan.vn\/wp-content\/uploads\/2025\/12\/cropped-LogoThienVan.png\",\"width\":843,\"height\":316,\"caption\":\"C\u00d4NG TY C\u1ed4 PH\u1ea6N C\u00d4NG NGH\u1ec6 THI\u00caN V\u1eacN\"},\"image\":{\"@id\":\"https:\/\/thienvan.vn\/#\/schema\/logo\/image\/\"}}]}<\/script>\n<!-- \/ Yoast SEO Premium plugin. -->","yoast_head_json":{"title":"V\u1ec1 ch\u00fang t\u00f4i - C\u00d4NG TY C\u1ed4 PH\u1ea6N C\u00d4NG NGH\u1ec6 THI\u00caN V\u1eacN","robots":{"index":"index","follow":"follow","max-snippet":"max-snippet:-1","max-image-preview":"max-image-preview:large","max-video-preview":"max-video-preview:-1"},"canonical":"https:\/\/thienvan.vn\/en\/product\/","og_locale":"en_US","og_type":"article","og_title":"V\u1ec1 ch\u00fang t\u00f4i","og_description":"C\u00e2u chuy\u1ec7n THI\u00caN V\u1eacN C\u00f4ng ty C\u1ed5 ph\u1ea7n C\u00f4ng ngh\u1ec7 Thi\u00ean V\u1eadn th\u00e0nh l\u1eadp n\u0103m 2004, l\u00e0 doanh nghi\u1ec7p c\u00f4ng ngh\u1ec7 th\u00f4ng tin c\u00f3 h\u01a1n 20 n\u0103m kinh nghi\u1ec7m trong l\u0129nh v\u1ef1c h\u1ea1 t\u1ea7ng m\u1ea1ng \u2013 vi\u1ec5n th\u00f4ng, an ninh m\u1ea1ng \u0111\u1ebfn gi\u1ea3i ph\u00e1p chuy\u00ean ng\u00e0nh v\u00e0 t\u00edch h\u1ee3p h\u1ec7 th\u1ed1ng. Ch\u00fang t\u00f4i kh\u00f4ng ng\u1eebng [&hellip;]","og_url":"https:\/\/thienvan.vn\/en\/product\/","og_site_name":"C\u00d4NG TY C\u1ed4 PH\u1ea6N C\u00d4NG NGH\u1ec6 THI\u00caN V\u1eacN","article_modified_time":"2026-01-15T07:47:23+00:00","og_image":[{"url":"https:\/\/thienvan.vn\/wp-content\/uploads\/2026\/01\/240_F_910310502_ClILHOQEE2xGPg5Je0lI90oHmb8HJXWo.jpg"}],"twitter_card":"summary_large_image","schema":{"@context":"https:\/\/schema.org","@graph":[{"@type":"WebPage","@id":"https:\/\/thienvan.vn\/ve-chung-toi\/","url":"https:\/\/thienvan.vn\/ve-chung-toi\/","name":"V\u1ec1 ch\u00fang t\u00f4i - C\u00d4NG TY C\u1ed4 PH\u1ea6N C\u00d4NG NGH\u1ec6 THI\u00caN V\u1eacN","isPartOf":{"@id":"https:\/\/thienvan.vn\/#website"},"datePublished":"2025-12-22T07:04:23+00:00","dateModified":"2026-01-15T07:47:23+00:00","breadcrumb":{"@id":"https:\/\/thienvan.vn\/ve-chung-toi\/#breadcrumb"},"inLanguage":"en-US","potentialAction":[{"@type":"ReadAction","target":["https:\/\/thienvan.vn\/ve-chung-toi\/"]}]},{"@type":"BreadcrumbList","@id":"https:\/\/thienvan.vn\/ve-chung-toi\/#breadcrumb","itemListElement":[{"@type":"ListItem","position":1,"name":"Home","item":"https:\/\/thienvan.vn\/"},{"@type":"ListItem","position":2,"name":"V\u1ec1 ch\u00fang t\u00f4i"}]},{"@type":"WebSite","@id":"https:\/\/thienvan.vn\/#website","url":"https:\/\/thienvan.vn\/","name":"C\u00d4NG TY C\u1ed4 PH\u1ea6N C\u00d4NG NGH\u1ec6 THI\u00caN V\u1eacN","description":"","publisher":{"@id":"https:\/\/thienvan.vn\/#organization"},"potentialAction":[{"@type":"SearchAction","target":{"@type":"EntryPoint","urlTemplate":"https:\/\/thienvan.vn\/?s={search_term_string}"},"query-input":"required name=search_term_string"}],"inLanguage":"en-US"},{"@type":"Organization","@id":"https:\/\/thienvan.vn\/#organization","name":"C\u00d4NG TY C\u1ed4 PH\u1ea6N C\u00d4NG NGH\u1ec6 THI\u00caN V\u1eacN","url":"https:\/\/thienvan.vn\/","logo":{"@type":"ImageObject","inLanguage":"en-US","@id":"https:\/\/thienvan.vn\/#\/schema\/logo\/image\/","url":"https:\/\/thienvan.vn\/wp-content\/uploads\/2025\/12\/cropped-LogoThienVan.png","contentUrl":"https:\/\/thienvan.vn\/wp-content\/uploads\/2025\/12\/cropped-LogoThienVan.png","width":843,"height":316,"caption":"C\u00d4NG TY C\u1ed4 PH\u1ea6N C\u00d4NG NGH\u1ec6 THI\u00caN V\u1eacN"},"image":{"@id":"https:\/\/thienvan.vn\/#\/schema\/logo\/image\/"}}]}},"_links":{"self":[{"href":"https:\/\/thienvan.vn\/en\/wp-json\/wp\/v2\/pages\/3455","targetHints":{"allow":["GET"]}}],"collection":[{"href":"https:\/\/thienvan.vn\/en\/wp-json\/wp\/v2\/pages"}],"about":[{"href":"https:\/\/thienvan.vn\/en\/wp-json\/wp\/v2\/types\/page"}],"author":[{"embeddable":true,"href":"https:\/\/thienvan.vn\/en\/wp-json\/wp\/v2\/users\/1"}],"replies":[{"embeddable":true,"href":"https:\/\/thienvan.vn\/en\/wp-json\/wp\/v2\/comments?post=3455"}],"version-history":[{"count":33,"href":"https:\/\/thienvan.vn\/en\/wp-json\/wp\/v2\/pages\/3455\/revisions"}],"predecessor-version":[{"id":4560,"href":"https:\/\/thienvan.vn\/en\/wp-json\/wp\/v2\/pages\/3455\/revisions\/4560"}],"wp:attachment":[{"href":"https:\/\/thienvan.vn\/en\/wp-json\/wp\/v2\/media?parent=3455"}],"curies":[{"name":"wp","href":"https:\/\/api.w.org\/{rel}","templated":true}]}}