{"id":3513,"date":"2025-12-22T10:03:59","date_gmt":"2025-12-22T10:03:59","guid":{"rendered":"https:\/\/ctthienvan.123websitedev.com\/?page_id=3513"},"modified":"2026-01-08T16:17:50","modified_gmt":"2026-01-08T09:17:50","slug":"chinh-sach-dai-ngo","status":"publish","type":"page","link":"https:\/\/thienvan.vn\/en\/chinh-sach-dai-ngo\/","title":{"rendered":"Compensation &amp; Benefits"},"content":{"rendered":"<div data-elementor-type=\"wp-page\" data-elementor-id=\"3513\" class=\"elementor elementor-3513\" data-elementor-post-type=\"page\">\n\t\t\t\t<div class=\"elementor-element elementor-element-38f09c6 e-flex e-con-boxed e-con e-parent\" data-id=\"38f09c6\" data-element_type=\"container\">\n\t\t\t\t\t<div class=\"e-con-inner\">\n\t\t\t\t<div class=\"elementor-element elementor-element-bc7f422 elementor-widget elementor-widget-heading\" data-id=\"bc7f422\" data-element_type=\"widget\" data-widget_type=\"heading.default\">\n\t\t\t\t<div class=\"elementor-widget-container\">\n\t\t\t<h2 class=\"elementor-heading-title elementor-size-default\">CON NG\u01af\u1edcI L\u00c0 TRUNG T\u00c2M PH\u00c1T TRI\u1ec2N M\u1ee4C TI\u00caU D\u00c0I H\u1ea0N<\/h2>\t\t<\/div>\n\t\t\t\t<\/div>\n\t\t\t\t\t<\/div>\n\t\t\t\t<\/div>\n\t\t<div class=\"elementor-element elementor-element-202007b e-flex e-con-boxed e-con e-parent\" data-id=\"202007b\" data-element_type=\"container\">\n\t\t\t\t\t<div class=\"e-con-inner\">\n\t\t\t\t<div class=\"elementor-element elementor-element-328051b elementor-widget elementor-widget-text-editor\" data-id=\"328051b\" data-element_type=\"widget\" data-widget_type=\"text-editor.default\">\n\t\t\t\t<div class=\"elementor-widget-container\">\n\t\t\t\t\t\t\t<p>T\u1ea1i THI\u00caN V\u1eacN, ch\u00fang t\u00f4i tin r\u1eb1ng m\u1ed9t m\u00f4i tr\u01b0\u1eddng l\u00e0m vi\u1ec7c t\u1ed1t kh\u00f4ng ch\u1ec9 \u0111\u1ebfn t\u1eeb thu nh\u1eadp, m\u00e0 c\u00f2n t\u1eeb s\u1ef1 quan t\u00e2m, g\u1eafn k\u1ebft v\u00e0 c\u01a1 h\u1ed9i ph\u00e1t tri\u1ec3n cho m\u1ed7i c\u00e1 nh\u00e2n.<\/p><p><strong>\ud83d\udcb0 THU TH\u1eacP &amp; PH\u00daC L\u1ee2I<\/strong><\/p><p>Thi\u00ean V\u1eadn x\u00e2y d\u1ef1ng ch\u00ednh s\u00e1ch thu nh\u1eadp v\u00e0 ph\u00fac l\u1ee3i c\u1ea1nh tranh, minh b\u1ea1ch, ghi nh\u1eadn x\u1ee9ng \u0111\u00e1ng n\u1ed7 l\u1ef1c v\u00e0 k\u1ebft qu\u1ea3 l\u00e0m vi\u1ec7c c\u1ee7a b\u1ea1n.<\/p><ul><li>Thu nh\u1eadp t\u01b0\u01a1ng x\u1ee9ng v\u1edbi n\u0103ng l\u1ef1c v\u00e0 hi\u1ec7u qu\u1ea3 c\u00f4ng vi\u1ec7c<\/li><li>Th\u01b0\u1edfng v\u00e0 ph\u00fac l\u1ee3i r\u00f5 r\u00e0ng theo ch\u00ednh s\u00e1ch c\u00f4ng ty: th\u01b0\u1edfng th\u00e1ng 13 theo th\u1eddi gian l\u00e0m vi\u1ec7c trong n\u0103m, th\u01b0\u1edfng theo hi\u1ec7u qu\u1ea3 kinh doanh, Qu\u00e0 t\u1eb7ng sinh nh\u1eadt, 8\/3, Trung thu, T\u1ebft Nguy\u00ean \u0111\u00e1n,\u2026<\/li><li>\u0110\u1ea3m b\u1ea3o \u0111\u1ea7y \u0111\u1ee7 b\u1ea3o hi\u1ec3m v\u00e0 ch\u1ebf \u0111\u1ed9 theo quy \u0111\u1ecbnh ph\u00e1p lu\u1eadt<\/li><\/ul><p><strong>\ud83e\ude7a CH\u0102M S\u00d3C S\u1ee8C KH\u1eceE<\/strong><\/p><p>\u201cKh\u1ecfe m\u1ea1nh \u0111\u1ec3 l\u00e0m vi\u1ec7c \u2013 an t\u00e2m \u0111\u1ec3 g\u1eafn b\u00f3\u201d<\/p><p>Thi\u00ean V\u1eadn ch\u00fa tr\u1ecdng ch\u0103m s\u00f3c s\u1ee9c kh\u1ecfe, gi\u00fap b\u1ea1n an t\u00e2m l\u00e0m vi\u1ec7c v\u00e0 c\u00e2n b\u1eb1ng cu\u1ed9c s\u1ed1ng.<\/p><ul><li>Nh\u00e2n vi\u00ean \u0111\u01b0\u1ee3c kh\u00e1m s\u1ee9c kh\u1ecfe \u0111\u1ecbnh k\u1ef3 h\u1eb1ng n\u0103m<\/li><li>Tham gia b\u1ea3o hi\u1ec3m tai n\u1ea1n cho nh\u00e2n vi\u00ean<\/li><li>H\u1ed7 tr\u1ee3, th\u0103m h\u1ecfi khi c\u00f3 \u1ed1m \u0111au, hi\u1ebfu h\u1ef7<\/li><\/ul><p><strong>\ud83c\udf89 G\u1eaeN K\u1ebeT &amp; \u0110\u1edcI S\u1ed0NG TINH TH\u1ea6N<\/strong><\/p><p>Thi\u00ean V\u1eadn \u2013 n\u01a1i m\u1ed7i c\u00e1 nh\u00e2n \u0111\u01b0\u1ee3c l\u1eafng nghe, k\u1ebft n\u1ed1i v\u00e0 s\u1ebb chia.<\/p><ul><li>Du l\u1ecbch, ngh\u1ec9 m\u00e1t h\u1eb1ng n\u0103m cho nh\u00e2n vi\u00ean<\/li><li>Ho\u1ea1t \u0111\u1ed9ng t\u1eadp th\u1ec3: sinh nh\u1eadt, team building, khen th\u01b0\u1edfng<\/li><li>M\u00f4i tr\u01b0\u1eddng l\u00e0m vi\u1ec7c th\u00e2n thi\u1ec7n, c\u1edfi m\u1edf v\u00e0 h\u1ed7 tr\u1ee3<\/li><\/ul><p><strong>\ud83d\ude80 PH\u00c1T TRI\u1ec2N S\u1ef0 NGHI\u1ec6P<\/strong><\/p><p>Ch\u00fang t\u00f4i kh\u00f4ng ch\u1ec9 l\u00e0 \u0111i\u1ec3m kh\u1edfi \u0111\u1ea7u, m\u00e0 l\u00e0 h\u00e0nh tr\u00ecnh ph\u00e1t tri\u1ec3n n\u0103ng l\u1ef1c v\u00e0 x\u00e2y d\u1ef1ng s\u1ef1 nghi\u1ec7p b\u1ec1n v\u1eefng c\u00f9ng b\u1ea1n.<\/p><ul><li>Kh\u00f4ng ng\u1eebng h\u1ecdc h\u1ecfi, n\u00e2ng cao n\u0103ng l\u1ef1c m\u1ed7i ng\u00e0y<\/li><li>L\u1ed9 tr\u00ecnh ph\u00e1t tri\u1ec3n r\u00f5 r\u00e0ng, ghi nh\u1eadn x\u1ee9ng \u0111\u00e1ng<\/li><li>\u0110\u1ed3ng h\u00e0nh l\u00e2u d\u00e0i, m\u1edf r\u1ed9ng c\u01a1 h\u1ed9i th\u0103ng ti\u1ebfn<\/li><\/ul>\t\t\t\t\t\t<\/div>\n\t\t\t\t<\/div>\n\t\t\t\t<div class=\"elementor-element elementor-element-d3c1e76 elementor-widget elementor-widget-image\" data-id=\"d3c1e76\" data-element_type=\"widget\" data-widget_type=\"image.default\">\n\t\t\t\t<div class=\"elementor-widget-container\">\n\t\t\t\t\t\t\t\t\t\t\t\t\t<img loading=\"lazy\" decoding=\"async\" width=\"1081\" height=\"240\" src=\"https:\/\/thienvan.vn\/wp-content\/uploads\/2026\/01\/240_F_693553217_bSv0Dpxy9BFThk7p64gKfmdKoWwTHFvb.jpg\" class=\"attachment-full size-full wp-image-3883\" alt=\"\" srcset=\"https:\/\/thienvan.vn\/wp-content\/uploads\/2026\/01\/240_F_693553217_bSv0Dpxy9BFThk7p64gKfmdKoWwTHFvb.jpg 1081w, https:\/\/thienvan.vn\/wp-content\/uploads\/2026\/01\/240_F_693553217_bSv0Dpxy9BFThk7p64gKfmdKoWwTHFvb-300x67.jpg 300w, https:\/\/thienvan.vn\/wp-content\/uploads\/2026\/01\/240_F_693553217_bSv0Dpxy9BFThk7p64gKfmdKoWwTHFvb-1024x227.jpg 1024w, https:\/\/thienvan.vn\/wp-content\/uploads\/2026\/01\/240_F_693553217_bSv0Dpxy9BFThk7p64gKfmdKoWwTHFvb-768x171.jpg 768w, https:\/\/thienvan.vn\/wp-content\/uploads\/2026\/01\/240_F_693553217_bSv0Dpxy9BFThk7p64gKfmdKoWwTHFvb-18x4.jpg 18w\" sizes=\"auto, (max-width: 1081px) 100vw, 1081px\" \/>\t\t\t\t\t\t\t\t\t\t\t\t\t<\/div>\n\t\t\t\t<\/div>\n\t\t\t\t\t<\/div>\n\t\t\t\t<\/div>\n\t\t\t\t<\/div>","protected":false},"excerpt":{"rendered":"<p>CON NG\u01af\u1edcI L\u00c0 TRUNG T\u00c2M PH\u00c1T TRI\u1ec2N M\u1ee4C TI\u00caU D\u00c0I H\u1ea0N T\u1ea1i THI\u00caN V\u1eacN, ch\u00fang t\u00f4i tin r\u1eb1ng m\u1ed9t m\u00f4i tr\u01b0\u1eddng l\u00e0m vi\u1ec7c t\u1ed1t kh\u00f4ng ch\u1ec9 \u0111\u1ebfn t\u1eeb thu nh\u1eadp, m\u00e0 c\u00f2n t\u1eeb s\u1ef1 quan t\u00e2m, g\u1eafn k\u1ebft v\u00e0 c\u01a1 h\u1ed9i ph\u00e1t tri\u1ec3n cho m\u1ed7i c\u00e1 nh\u00e2n. \ud83d\udcb0 THU TH\u1eacP &amp; PH\u00daC L\u1ee2I Thi\u00ean V\u1eadn [&hellip;]<\/p>","protected":false},"author":1,"featured_media":0,"parent":0,"menu_order":0,"comment_status":"closed","ping_status":"closed","template":"elementor_header_footer","meta":{"footnotes":""},"class_list":["post-3513","page","type-page","status-publish","hentry"],"acf":[],"yoast_head":"<!-- This site is optimized with the Yoast SEO Premium plugin v20.9 (Yoast SEO v20.9) - https:\/\/yoast.com\/wordpress\/plugins\/seo\/ -->\n<title>Ch\u00ednh s\u00e1ch \u0111\u00e3i ng\u1ed9 - C\u00d4NG TY C\u1ed4 PH\u1ea6N C\u00d4NG NGH\u1ec6 THI\u00caN V\u1eacN<\/title>\n<meta name=\"robots\" content=\"index, follow, max-snippet:-1, max-image-preview:large, max-video-preview:-1\" \/>\n<link rel=\"canonical\" href=\"https:\/\/thienvan.vn\/en\/chinh-sach-dai-ngo\/\" \/>\n<meta property=\"og:locale\" content=\"en_US\" \/>\n<meta property=\"og:type\" content=\"article\" \/>\n<meta property=\"og:title\" content=\"Ch\u00ednh s\u00e1ch \u0111\u00e3i ng\u1ed9\" \/>\n<meta property=\"og:description\" content=\"CON NG\u01af\u1edcI L\u00c0 TRUNG T\u00c2M PH\u00c1T TRI\u1ec2N M\u1ee4C TI\u00caU D\u00c0I H\u1ea0N T\u1ea1i THI\u00caN V\u1eacN, ch\u00fang t\u00f4i tin r\u1eb1ng m\u1ed9t m\u00f4i tr\u01b0\u1eddng l\u00e0m vi\u1ec7c t\u1ed1t kh\u00f4ng ch\u1ec9 \u0111\u1ebfn t\u1eeb thu nh\u1eadp, m\u00e0 c\u00f2n t\u1eeb s\u1ef1 quan t\u00e2m, g\u1eafn k\u1ebft v\u00e0 c\u01a1 h\u1ed9i ph\u00e1t tri\u1ec3n cho m\u1ed7i c\u00e1 nh\u00e2n. \ud83d\udcb0 THU TH\u1eacP &amp; PH\u00daC L\u1ee2I Thi\u00ean V\u1eadn [&hellip;]\" \/>\n<meta property=\"og:url\" content=\"https:\/\/thienvan.vn\/en\/chinh-sach-dai-ngo\/\" \/>\n<meta property=\"og:site_name\" content=\"C\u00d4NG TY C\u1ed4 PH\u1ea6N C\u00d4NG NGH\u1ec6 THI\u00caN V\u1eacN\" \/>\n<meta property=\"article:modified_time\" content=\"2026-01-08T09:17:50+00:00\" \/>\n<meta property=\"og:image\" content=\"https:\/\/thienvan.vn\/wp-content\/uploads\/2026\/01\/240_F_693553217_bSv0Dpxy9BFThk7p64gKfmdKoWwTHFvb.jpg\" \/>\n<meta name=\"twitter:card\" content=\"summary_large_image\" \/>\n<meta name=\"twitter:label1\" content=\"Est. reading time\" \/>\n\t<meta name=\"twitter:data1\" content=\"2 minutes\" \/>\n<script type=\"application\/ld+json\" class=\"yoast-schema-graph\">{\"@context\":\"https:\/\/schema.org\",\"@graph\":[{\"@type\":\"WebPage\",\"@id\":\"https:\/\/thienvan.vn\/chinh-sach-dai-ngo\/\",\"url\":\"https:\/\/thienvan.vn\/chinh-sach-dai-ngo\/\",\"name\":\"Ch\u00ednh s\u00e1ch \u0111\u00e3i ng\u1ed9 - C\u00d4NG TY C\u1ed4 PH\u1ea6N C\u00d4NG NGH\u1ec6 THI\u00caN V\u1eacN\",\"isPartOf\":{\"@id\":\"https:\/\/thienvan.vn\/#website\"},\"datePublished\":\"2025-12-22T10:03:59+00:00\",\"dateModified\":\"2026-01-08T09:17:50+00:00\",\"breadcrumb\":{\"@id\":\"https:\/\/thienvan.vn\/chinh-sach-dai-ngo\/#breadcrumb\"},\"inLanguage\":\"en-US\",\"potentialAction\":[{\"@type\":\"ReadAction\",\"target\":[\"https:\/\/thienvan.vn\/chinh-sach-dai-ngo\/\"]}]},{\"@type\":\"BreadcrumbList\",\"@id\":\"https:\/\/thienvan.vn\/chinh-sach-dai-ngo\/#breadcrumb\",\"itemListElement\":[{\"@type\":\"ListItem\",\"position\":1,\"name\":\"Home\",\"item\":\"https:\/\/thienvan.vn\/\"},{\"@type\":\"ListItem\",\"position\":2,\"name\":\"Ch\u00ednh s\u00e1ch \u0111\u00e3i ng\u1ed9\"}]},{\"@type\":\"WebSite\",\"@id\":\"https:\/\/thienvan.vn\/#website\",\"url\":\"https:\/\/thienvan.vn\/\",\"name\":\"C\u00d4NG TY C\u1ed4 PH\u1ea6N C\u00d4NG NGH\u1ec6 THI\u00caN V\u1eacN\",\"description\":\"\",\"publisher\":{\"@id\":\"https:\/\/thienvan.vn\/#organization\"},\"potentialAction\":[{\"@type\":\"SearchAction\",\"target\":{\"@type\":\"EntryPoint\",\"urlTemplate\":\"https:\/\/thienvan.vn\/?s={search_term_string}\"},\"query-input\":\"required name=search_term_string\"}],\"inLanguage\":\"en-US\"},{\"@type\":\"Organization\",\"@id\":\"https:\/\/thienvan.vn\/#organization\",\"name\":\"C\u00d4NG TY C\u1ed4 PH\u1ea6N C\u00d4NG NGH\u1ec6 THI\u00caN V\u1eacN\",\"url\":\"https:\/\/thienvan.vn\/\",\"logo\":{\"@type\":\"ImageObject\",\"inLanguage\":\"en-US\",\"@id\":\"https:\/\/thienvan.vn\/#\/schema\/logo\/image\/\",\"url\":\"https:\/\/thienvan.vn\/wp-content\/uploads\/2025\/12\/cropped-LogoThienVan.png\",\"contentUrl\":\"https:\/\/thienvan.vn\/wp-content\/uploads\/2025\/12\/cropped-LogoThienVan.png\",\"width\":843,\"height\":316,\"caption\":\"C\u00d4NG TY C\u1ed4 PH\u1ea6N C\u00d4NG NGH\u1ec6 THI\u00caN V\u1eacN\"},\"image\":{\"@id\":\"https:\/\/thienvan.vn\/#\/schema\/logo\/image\/\"}}]}<\/script>\n<!-- \/ Yoast SEO Premium plugin. -->","yoast_head_json":{"title":"Ch\u00ednh s\u00e1ch \u0111\u00e3i ng\u1ed9 - C\u00d4NG TY C\u1ed4 PH\u1ea6N C\u00d4NG NGH\u1ec6 THI\u00caN V\u1eacN","robots":{"index":"index","follow":"follow","max-snippet":"max-snippet:-1","max-image-preview":"max-image-preview:large","max-video-preview":"max-video-preview:-1"},"canonical":"https:\/\/thienvan.vn\/en\/chinh-sach-dai-ngo\/","og_locale":"en_US","og_type":"article","og_title":"Ch\u00ednh s\u00e1ch \u0111\u00e3i ng\u1ed9","og_description":"CON NG\u01af\u1edcI L\u00c0 TRUNG T\u00c2M PH\u00c1T TRI\u1ec2N M\u1ee4C TI\u00caU D\u00c0I H\u1ea0N T\u1ea1i THI\u00caN V\u1eacN, ch\u00fang t\u00f4i tin r\u1eb1ng m\u1ed9t m\u00f4i tr\u01b0\u1eddng l\u00e0m vi\u1ec7c t\u1ed1t kh\u00f4ng ch\u1ec9 \u0111\u1ebfn t\u1eeb thu nh\u1eadp, m\u00e0 c\u00f2n t\u1eeb s\u1ef1 quan t\u00e2m, g\u1eafn k\u1ebft v\u00e0 c\u01a1 h\u1ed9i ph\u00e1t tri\u1ec3n cho m\u1ed7i c\u00e1 nh\u00e2n. \ud83d\udcb0 THU TH\u1eacP &amp; PH\u00daC L\u1ee2I Thi\u00ean V\u1eadn [&hellip;]","og_url":"https:\/\/thienvan.vn\/en\/chinh-sach-dai-ngo\/","og_site_name":"C\u00d4NG TY C\u1ed4 PH\u1ea6N C\u00d4NG NGH\u1ec6 THI\u00caN V\u1eacN","article_modified_time":"2026-01-08T09:17:50+00:00","og_image":[{"url":"https:\/\/thienvan.vn\/wp-content\/uploads\/2026\/01\/240_F_693553217_bSv0Dpxy9BFThk7p64gKfmdKoWwTHFvb.jpg"}],"twitter_card":"summary_large_image","twitter_misc":{"Est. reading time":"2 minutes"},"schema":{"@context":"https:\/\/schema.org","@graph":[{"@type":"WebPage","@id":"https:\/\/thienvan.vn\/chinh-sach-dai-ngo\/","url":"https:\/\/thienvan.vn\/chinh-sach-dai-ngo\/","name":"Ch\u00ednh s\u00e1ch \u0111\u00e3i ng\u1ed9 - C\u00d4NG TY C\u1ed4 PH\u1ea6N C\u00d4NG NGH\u1ec6 THI\u00caN V\u1eacN","isPartOf":{"@id":"https:\/\/thienvan.vn\/#website"},"datePublished":"2025-12-22T10:03:59+00:00","dateModified":"2026-01-08T09:17:50+00:00","breadcrumb":{"@id":"https:\/\/thienvan.vn\/chinh-sach-dai-ngo\/#breadcrumb"},"inLanguage":"en-US","potentialAction":[{"@type":"ReadAction","target":["https:\/\/thienvan.vn\/chinh-sach-dai-ngo\/"]}]},{"@type":"BreadcrumbList","@id":"https:\/\/thienvan.vn\/chinh-sach-dai-ngo\/#breadcrumb","itemListElement":[{"@type":"ListItem","position":1,"name":"Home","item":"https:\/\/thienvan.vn\/"},{"@type":"ListItem","position":2,"name":"Ch\u00ednh s\u00e1ch \u0111\u00e3i ng\u1ed9"}]},{"@type":"WebSite","@id":"https:\/\/thienvan.vn\/#website","url":"https:\/\/thienvan.vn\/","name":"C\u00d4NG TY C\u1ed4 PH\u1ea6N C\u00d4NG NGH\u1ec6 THI\u00caN V\u1eacN","description":"","publisher":{"@id":"https:\/\/thienvan.vn\/#organization"},"potentialAction":[{"@type":"SearchAction","target":{"@type":"EntryPoint","urlTemplate":"https:\/\/thienvan.vn\/?s={search_term_string}"},"query-input":"required name=search_term_string"}],"inLanguage":"en-US"},{"@type":"Organization","@id":"https:\/\/thienvan.vn\/#organization","name":"C\u00d4NG TY C\u1ed4 PH\u1ea6N C\u00d4NG NGH\u1ec6 THI\u00caN V\u1eacN","url":"https:\/\/thienvan.vn\/","logo":{"@type":"ImageObject","inLanguage":"en-US","@id":"https:\/\/thienvan.vn\/#\/schema\/logo\/image\/","url":"https:\/\/thienvan.vn\/wp-content\/uploads\/2025\/12\/cropped-LogoThienVan.png","contentUrl":"https:\/\/thienvan.vn\/wp-content\/uploads\/2025\/12\/cropped-LogoThienVan.png","width":843,"height":316,"caption":"C\u00d4NG TY C\u1ed4 PH\u1ea6N C\u00d4NG NGH\u1ec6 THI\u00caN V\u1eacN"},"image":{"@id":"https:\/\/thienvan.vn\/#\/schema\/logo\/image\/"}}]}},"_links":{"self":[{"href":"https:\/\/thienvan.vn\/en\/wp-json\/wp\/v2\/pages\/3513","targetHints":{"allow":["GET"]}}],"collection":[{"href":"https:\/\/thienvan.vn\/en\/wp-json\/wp\/v2\/pages"}],"about":[{"href":"https:\/\/thienvan.vn\/en\/wp-json\/wp\/v2\/types\/page"}],"author":[{"embeddable":true,"href":"https:\/\/thienvan.vn\/en\/wp-json\/wp\/v2\/users\/1"}],"replies":[{"embeddable":true,"href":"https:\/\/thienvan.vn\/en\/wp-json\/wp\/v2\/comments?post=3513"}],"version-history":[{"count":0,"href":"https:\/\/thienvan.vn\/en\/wp-json\/wp\/v2\/pages\/3513\/revisions"}],"wp:attachment":[{"href":"https:\/\/thienvan.vn\/en\/wp-json\/wp\/v2\/media?parent=3513"}],"curies":[{"name":"wp","href":"https:\/\/api.w.org\/{rel}","templated":true}]}}